{"id":4319,"date":"2023-06-27T07:25:22","date_gmt":"2023-06-27T07:25:22","guid":{"rendered":"https:\/\/www.instant.link\/cookies-politik\/"},"modified":"2023-09-07T13:51:13","modified_gmt":"2023-09-07T13:51:13","slug":"cookies-politik","status":"publish","type":"page","link":"https:\/\/www.instant.link\/de\/cookies-politik\/","title":{"rendered":"Cookies-Politik"},"content":{"rendered":"\n<h1 class=\"wp-block-heading\">Cookie Politik<\/h1>\n\n\n\n<p><strong>https:\/\/www.instant.link\/ COOKIE-POLITIK<\/strong><\/p>\n\n\n\n<p><strong>Datum der letzten Aktualisierung: 13.10.2020<\/strong><\/p>\n\n\n\n<p><strong>WAS SIND COOKIES?<\/strong><\/p>\n\n\n\n<p>Cookies sind kleine Dateien, die auf der Festplatte oder im Browser des Computers, des Tablets, des Smartphones oder eines gleichwertigen Ger\u00e4ts mit Internet-Browsing-Funktionen installiert werden und unter anderem dazu dienen, die Dienste des Website-Eigent\u00fcmers zu personalisieren, das Surfen und die Nutzbarkeit der Website zu erleichtern, aggregierte Informationen \u00fcber die Website-Besucher zu erhalten, die Wiedergabe und Anzeige von Multimedia-Inhalten auf der Website selbst zu erm\u00f6glichen, Elemente der Interaktion zwischen dem Nutzer und der Website selbst zu erm\u00f6glichen, Sicherheitstools zu aktivieren usw.<\/p>\n\n\n\n<p><strong>IN DIESER COOKIE-RICHTLINIE VERWENDETE DEFINITIONEN<\/strong><\/p>\n\n\n\n<ul class=\"wp-block-list\">\n<li><strong>Daten: Informationen, die mit Hilfe des Endger\u00e4ts des Nutzers \u00fcber die Datenspeicher- und -abrufvorrichtung (Cookies oder andere) erhalten werden.<\/strong> Die Daten sind personenbezogen, wenn es sich um Informationen \u00fcber bestimmte oder bestimmbare nat\u00fcrliche Personen im Sinne von Artikel 4 der Datenschutz-Grundverordnung handelt.<\/li>\n\n\n\n<li><strong>Aggregierte Informationen: nicht-nominale Informationen, typischerweise numerisch und zum Zweck der Bereitstellung statistischer Informationen.<\/strong><\/li>\n\n\n\n<li><strong>Endger\u00e4t: Das Ger\u00e4t, von dem aus der Nutzer auf den Dienst zugreift, z. B. ein PC, ein Mobiltelefon, ein Tablet usw., und von dem die Informationen abgerufen werden.<\/strong><\/li>\n\n\n\n<li><strong>Herausgeber: Verantwortlicher oder Eigent\u00fcmer der Website<\/strong><\/li>\n\n\n\n<li><strong>Dritter: externe Einrichtung, Mitarbeiter, Dienstleister oder mit dem Herausgeber verbunden, die an der Verwaltung bestimmter Cookies beteiligt ist.<\/strong><\/li>\n\n\n\n<li><strong>F\u00fcr das Cookie verantwortliche Partei: der Herausgeber, der f\u00fcr die Verarbeitung Verantwortliche, der Eigent\u00fcmer der Website oder, in einigen F\u00e4llen, der Drittanbieter.<\/strong><\/li>\n\n\n\n<li><strong>Browsing-Gewohnheiten: Trends, die der Nutzer beim Surfen auf einer Webseite zeigt, wie z. B. die auf der Seite verbrachte Zeit, die besuchten Abschnitte, die am h\u00e4ufigsten besuchten Abschnitte, die Herkunft des Besuchs, das Ziel des Besuchs und andere mehr.<\/strong><\/li>\n<\/ul>\n\n\n\n<p><strong>WELCHE ARTEN VON COOKIES GIBT ES?<\/strong><\/p>\n\n\n\n<p>Je nach der Einrichtung, die es verwaltet:<\/p>\n\n\n\n<ul class=\"wp-block-list\">\n<li><strong>Eigene Cookies: Es handelt sich um Cookies, die von einem Computer oder einer Dom\u00e4ne, die vom Herausgeber selbst verwaltet wird und von der aus der vom Benutzer angeforderte Dienst erbracht wird, an das Endger\u00e4t des Benutzers gesendet werden.<\/strong><\/li>\n\n\n\n<li><strong>Cookies von Dritten: Es handelt sich um Cookies, die von einem Computer oder einer Dom\u00e4ne, die nicht vom Herausgeber, sondern von einer anderen Einheit, die die durch die Cookies erhaltenen Daten verarbeitet, an das Endger\u00e4t des Benutzers gesendet werden.<\/strong><\/li>\n<\/ul>\n\n\n\n<p>Je nachdem, wie lange sie im Endger\u00e4t aktiviert bleiben:<\/p>\n\n\n\n<ul class=\"wp-block-list\">\n<li><strong>Sitzungscookies: Sie dienen dazu, Daten zu sammeln und zu speichern, w\u00e4hrend der Nutzer eine Webseite aufruft.<\/strong> Sie werden in der Regel verwendet, um Informationen zu speichern, die nur f\u00fcr die Erbringung der vom Nutzer einmalig angeforderten Dienstleistung relevant sind (z. B. eine Liste der gekauften Produkte), und verschwinden am Ende der Sitzung.<\/li>\n\n\n\n<li><strong>Dauerhafte Cookies: Dies sind Cookies, bei denen die Daten auf dem Endger\u00e4t gespeichert bleiben und f\u00fcr einen von der f\u00fcr das Cookie verantwortlichen Partei festgelegten Zeitraum, der von einigen Minuten bis zu mehreren Jahren reichen kann, abgerufen und verarbeitet werden k\u00f6nnen.<\/strong><\/li>\n<\/ul>\n\n\n\n<p>Je nach dem Zweck, f\u00fcr den die durch die Cookies erhaltenen Daten verarbeitet werden:<\/p>\n\n\n\n<ul class=\"wp-block-list\">\n<li><strong>Technische Cookies:<\/strong> sind diejenigen, die es dem Nutzer erm\u00f6glichen, durch eine Website, Plattform oder Anwendung zu navigieren und die verschiedenen darin vorhandenen Optionen oder Dienste zu nutzen, einschlie\u00dflich derjenigen, die der Herausgeber verwendet, um die Verwaltung und den Betrieb der Website zu erm\u00f6glichen und ihre Funktionen und Dienste zu aktivieren, wie z. B. die Kontrolle des Datenverkehrs und der Datenkommunikation, die Identifizierung der Sitzung, den Zugang zu Teilen mit eingeschr\u00e4nktem Zugang, die Erinnerung an die Elemente, aus denen eine Bestellung besteht, die Durchf\u00fchrung des Kaufprozesses einer Bestellung, die Verwaltung der Zahlung, die Kontrolle von Betrug im Zusammenhang mit der Sicherheit des Dienstes, die Beantragung der Registrierung oder der Teilnahme an einer Veranstaltung, die Z\u00e4hlung der Besuche zum Zweck der Abrechnung von Lizenzen f\u00fcr die Software, mit der der Dienst (Website, Plattform oder Anwendung) betrieben wird, die Zahlung zu verwalten, den Betrug im Zusammenhang mit der Sicherheit des Dienstes zu kontrollieren, die Anmeldung oder die Teilnahme an einer Veranstaltung zu beantragen, die Besuche zum Zwecke der Abrechnung von Lizenzen f\u00fcr die Software, mit der der Dienst arbeitet (Website, Plattform oder Anwendung), zu z\u00e4hlen, die Sicherheitsfunktionen beim Surfen zu nutzen, Inhalte f\u00fcr die \u00dcbertragung von Videos oder Ton zu speichern, dynamische Inhalte zu erm\u00f6glichen (z. B. Animation des Ladens eines Textes oder Bildes) oder Inhalte \u00fcber soziale Netzwerke zu teilen. Zu dieser Kategorie geh\u00f6ren aufgrund ihres technischen Charakters auch die Cookies, die eine m\u00f6glichst effiziente Verwaltung der Werbefl\u00e4chen erm\u00f6glichen, die der Herausgeber als weiteres Element der Gestaltung oder des &#8222;Layouts&#8220; des dem Nutzer angebotenen Dienstes auf einer Website, Anwendung oder Plattform anhand von Kriterien wie dem bearbeiteten Inhalt eingef\u00fcgt hat, ohne Informationen von den Nutzern zu anderen Zwecken, wie der Personalisierung dieser Werbeinhalte oder anderer Inhalte, zu sammeln.<\/li>\n\n\n\n<li><strong>Pr\u00e4ferenz- oder Personalisierungs-Cookies:<\/strong> sind solche, die es erm\u00f6glichen, Informationen zu speichern, so dass der Nutzer auf den Dienst mit bestimmten Merkmalen zugreifen kann, die seine Erfahrung von der anderer Nutzer unterscheiden k\u00f6nnen, wie z. B. die Sprache, die Anzahl der Ergebnisse, die angezeigt werden, wenn der Nutzer eine Suche durchf\u00fchrt, das Aussehen oder der Inhalt des Dienstes in Abh\u00e4ngigkeit von der Art des Browsers, \u00fcber den der Nutzer auf den Dienst zugreift, oder der Region, aus der der Nutzer auf den Dienst zugreift, usw.<\/li>\n\n\n\n<li><strong>Analyse- oder Mess-Cookies: Diese Cookies erm\u00f6glichen es dem Verantwortlichen, das Verhalten der Nutzer der Websites, mit denen sie verkn\u00fcpft sind, zu beobachten und zu analysieren, einschlie\u00dflich der Quantifizierung der Wirkung von Werbung.<\/strong> Die durch diese Art von Cookie gesammelten Informationen werden verwendet, um die Aktivit\u00e4t der Website, der Anwendung oder der Plattform zu messen, um auf der Grundlage der Analyse der Daten \u00fcber die Nutzung des Dienstes durch die Nutzer Verbesserungen vornehmen zu k\u00f6nnen.<\/li>\n\n\n\n<li><strong>Werbe-Cookies:<\/strong> sind solche, die eine m\u00f6glichst effiziente Verwaltung der Werbefl\u00e4chen erm\u00f6glichen, die der Herausgeber gegebenenfalls auf einer Website, einer Anwendung oder einer Plattform eingerichtet hat, \u00fcber die er den angeforderten Dienst anbietet, und zwar auf der Grundlage von Kriterien wie dem bearbeiteten Inhalt oder der H\u00e4ufigkeit, mit der die Werbung angezeigt wird.<\/li>\n\n\n\n<li><strong>Cookies f\u00fcr verhaltensbasierte Werbung: sind Cookies, die eine m\u00f6glichst effiziente Verwaltung der Werbefl\u00e4chen erm\u00f6glichen, die der Herausgeber gegebenenfalls auf einer Website, einer Anwendung oder einer Plattform, von der aus der angeforderte Dienst bereitgestellt wird, eingef\u00fcgt hat.<\/strong> In diesen Cookies werden Informationen \u00fcber das Verhalten der Nutzer gespeichert, die durch die kontinuierliche Beobachtung ihrer Surfgewohnheiten gewonnen werden und die es erm\u00f6glichen, ein spezifisches Profil zu erstellen, um darauf basierende Werbung anzuzeigen.<\/li>\n<\/ul>\n\n\n\n<p><strong>WELCHE COOKIES VERWENDEN WIR INSBESONDERE?<\/strong><\/p>\n\n\n\n<figure class=\"wp-block-table\"><table><tbody><tr><td><strong>Name des Cookies<\/strong><\/td><td><strong>Eigene \/ Drittanbieter<\/strong><\/td><td><strong>Cookie-Typ<\/strong><\/td><td><strong>Zweck<\/strong><\/td><td><strong>Permanenz<\/strong><\/td><td><strong>\u00dcbermittlung von Daten au\u00dferhalb der Europ\u00e4ischen Union<\/strong><\/td><\/tr><tr><td>_ga<\/td><td>Drittanbieter: Google<\/td><td>Drittanbieter: Google<\/td><td>Dieses Cookie wird von Google Analytics gesetzt. Das Cookie wird verwendet, um Besucher-, Sitzungs- und Kampagnendaten zu berechnen und die Website-Nutzung f\u00fcr den Website-Analysebericht zu verfolgen. Cookies speichern Informationen anonym und weisen eine zuf\u00e4llig generierte Nummer zu, um eindeutige Besucher zu identifizieren.<\/td><td>2 Jahre<\/td><td>Ja, Google LCC<\/td><\/tr><tr><td>_gid<\/td><td>Drittanbieter: Google<\/td><td>Drittanbieter: Google<\/td><td>Dieses Cookie wird von Google Analytics gesetzt. Das Cookie wird verwendet, um Informationen dar\u00fcber zu speichern, wie Besucher eine Website nutzen, und hilft bei der Erstellung eines Analyseberichts \u00fcber die Leistung der Website. Die erhobenen Daten, einschlie\u00dflich der Anzahl der Besucher, der Herkunft der Besucher und der Seiten, werden anonymisiert angezeigt.<\/td><td>1 Tag<\/td><td>Ja, Google LCC<\/td><\/tr><tr><td>_gat<\/td><td>Drittanbieter: Google<\/td><td>Drittanbieter: Google<\/td><td>Google verwendet dieses Cookie, um Benutzer zu unterscheiden.<\/td><td>1 Minute<\/td><td>Ja, Google LCC<\/td><\/tr><\/tbody><\/table><\/figure>\n\n\n\n<p>Mithilfe dieser Cookies werden weder Profile der Besucher der Website erstellt noch automatisierte Entscheidungen auf Grundlage dieser Daten getroffen.<\/p>\n\n\n\n<p>Sie k\u00f6nnen sich \u00fcber \u00dcbermittlungen in Drittl\u00e4nder, die gegebenenfalls von den in dieser Cookie-Richtlinie genannten Dritten durchgef\u00fchrt werden, sowie \u00fcber die mit dieser \u00dcbermittlung verbundenen Risiken gem\u00e4\u00df deren eigenen, nicht mit dieser Website in Zusammenhang stehenden Richtlinien informieren, indem Sie auf deren Website zugreifen entsprechende Richtlinien. der jeweils in der vorherigen Tabelle aufgef\u00fchrten Cookies.<\/p>\n\n\n\n<p><strong>WIE DEAKTIVIEREN SIE COOKIES?<\/strong><\/p>\n\n\n\n<p>Das Blockieren oder Deaktivieren aller Cookies tr\u00e4gt zum Schutz der Privatsph\u00e4re bei, kann jedoch auch das Erlebnis auf einigen Websites einschr\u00e4nken sowie die Funktionalit\u00e4t einschr\u00e4nken oder sogar die korrekte Navigation oder Nutzung einiger ihrer Dienste nicht erm\u00f6glichen.<\/p>\n\n\n\n<p>Sie k\u00f6nnen die oben beschriebenen Cookies (mit Ausnahme der technischen Cookies, die f\u00fcr den ordnungsgem\u00e4\u00dfen Betrieb erforderlich sind) \u00fcber den Konfigurator aktivieren oder deaktivieren, der beim Zugriff auf unsere Hauptseite in den Hinweisen zur Verwendung von Cookies erscheint. Beachten Sie, dass Sie, wenn Sie Cookies von Drittanbietern akzeptieren, diese aus den Browseroptionen oder aus dem vom Drittanbieter selbst angebotenen System l\u00f6schen m\u00fcssen.<\/p>\n\n\n\n<p>Wenn Sie wissen m\u00f6chten, wie Sie Cookies in den g\u00e4ngigsten Webbrowsern deaktivieren, lesen Sie auch die folgenden Tutorials:<\/p>\n\n\n\n<ul class=\"wp-block-list\">\n<li><a href=\"https:\/\/support.google.com\/chrome\/answer\/95647?hl=es\" rel=\"nofollow noopener\" target=\"_blank\">Google Chrome<\/a><\/li>\n\n\n\n<li><a href=\"https:\/\/support.mozilla.org\/es\/kb\/habilitar-y-deshabilitar-cookies-sitios-web-rastrear-preferencias?redirectslug=habilitar-y-deshabilitar-cookies-que-los-sitios-we&amp;redirectlocale=es\" rel=\"nofollow noopener\" target=\"_blank\">Mozilla Firefox<\/a><\/li>\n\n\n\n<li><a href=\"https:\/\/support.microsoft.com\/es-es\/topic\/eliminar-y-administrar-cookies-168dab11-0753-043d-7c16-ede5947fc64d\" rel=\"nofollow noopener\" target=\"_blank\">Internet Explorer<\/a><\/li>\n\n\n\n<li><a href=\"https:\/\/support.apple.com\/es-es\/HT201265\" rel=\"nofollow noopener\" target=\"_blank\">Safari<\/a><\/li>\n\n\n\n<li><a href=\"https:\/\/support.google.com\/chrome\/answer\/114662?hl=es&amp;visit_id=637381709486365463-4024877579&amp;rd=1\" rel=\"nofollow noopener\" target=\"_blank\">Chrome Android<\/a><\/li>\n\n\n\n<li><a href=\"https:\/\/help.opera.com\/en\/latest\/web-preferences\/#cookies\" rel=\"nofollow noopener\" target=\"_blank\">Opera<\/a><\/li>\n<\/ul>\n\n\n\n<p>Wenn Sie Fragen oder Bedenken zu dieser Cookie-Richtlinie haben, k\u00f6nnen Sie uns \u00fcber die Kontaktmethoden auf unserer Website kontaktieren.<\/p>\n\n\n\n<p>Wenn Sie umfassende und konkrete Informationen zum Schutz personenbezogener Daten w\u00fcnschen, verweisen wir Sie auf unsere Datenschutzerkl\u00e4rung.<\/p>\n","protected":false},"excerpt":{"rendered":"<p>Cookie Politik https:\/\/www.instant.link\/ COOKIE-POLITIK Datum der letzten Aktualisierung: 13.10.2020 WAS SIND COOKIES? Cookies sind kleine Dateien, die auf der Festplatte<\/p>\n","protected":false},"author":1,"featured_media":0,"parent":0,"menu_order":0,"comment_status":"closed","ping_status":"closed","template":"","meta":{"footnotes":""},"class_list":["post-4319","page","type-page","status-publish","hentry"],"_links":{"self":[{"href":"https:\/\/www.instant.link\/de\/wp-json\/wp\/v2\/pages\/4319","targetHints":{"allow":["GET"]}}],"collection":[{"href":"https:\/\/www.instant.link\/de\/wp-json\/wp\/v2\/pages"}],"about":[{"href":"https:\/\/www.instant.link\/de\/wp-json\/wp\/v2\/types\/page"}],"author":[{"embeddable":true,"href":"https:\/\/www.instant.link\/de\/wp-json\/wp\/v2\/users\/1"}],"replies":[{"embeddable":true,"href":"https:\/\/www.instant.link\/de\/wp-json\/wp\/v2\/comments?post=4319"}],"version-history":[{"count":2,"href":"https:\/\/www.instant.link\/de\/wp-json\/wp\/v2\/pages\/4319\/revisions"}],"predecessor-version":[{"id":4329,"href":"https:\/\/www.instant.link\/de\/wp-json\/wp\/v2\/pages\/4319\/revisions\/4329"}],"wp:attachment":[{"href":"https:\/\/www.instant.link\/de\/wp-json\/wp\/v2\/media?parent=4319"}],"curies":[{"name":"wp","href":"https:\/\/api.w.org\/{rel}","templated":true}]}}